{"id":1849,"date":"2025-01-08T07:46:40","date_gmt":"2025-01-08T12:46:40","guid":{"rendered":"https:\/\/estudiar.co\/?post_type=product&#038;p=1849"},"modified":"2025-01-12T17:36:59","modified_gmt":"2025-01-12T22:36:59","slug":"domina-g-suite","status":"publish","type":"product","link":"https:\/\/estudiar.co\/index.php\/producto\/domina-g-suite\/","title":{"rendered":"Domina G Suite"},"content":{"rendered":"<p><strong>CURSO G SUITE<\/strong><br \/>\n<em>Domina G Suite y optimiza tu productividad digital<\/em><\/p>\n<hr \/>\n<p><strong>Informaci\u00f3n Clave:<\/strong><\/p>\n<p>\u2022 Modalidad: virtual<br \/>\n\u2022 Duraci\u00f3n: 40 horas [Flexibilidad de horarios, se puede adaptar a tus tiempos]<br \/>\n\u2022 Constancia: Constancia digital descargable al finalizar<\/p>\n<hr \/>\n<p><strong>Descripci\u00f3n General:<\/strong><\/p>\n<p>Este curso est\u00e1 dise\u00f1ado para proporcionarte el dominio total de las herramientas que conforman G Suite (ahora Google Workspace), un conjunto de aplicaciones que te permitir\u00e1 mejorar tu productividad, organizaci\u00f3n y colaboraci\u00f3n digital. Al finalizar, tendr\u00e1s las competencias necesarias para usar Google Drive, Google Docs, Sheets, Slides, Gmail y otras aplicaciones de manera avanzada, tanto en un contexto profesional como acad\u00e9mico. \u00a1Transforma tu forma de trabajar y colaborar! Aprende a optimizar procesos y a ser m\u00e1s eficiente en tu d\u00eda a d\u00eda.<\/p>\n<p>El curso es perfecto para quienes buscan mejorar su rendimiento personal y profesional utilizando herramientas digitales de forma efectiva y sin complicaciones.<\/p>\n<hr \/>\n<p><strong>Objetivos del Curso:<\/strong><\/p>\n<p>\u2022 Aprender a utilizar Google Drive y organizar archivos de manera eficiente.<br \/>\n\u2022 Dominar Google Docs, Sheets y Slides para crear documentos, hojas de c\u00e1lculo y presentaciones profesionales.<br \/>\n\u2022 Optimizar el uso de Gmail para una gesti\u00f3n avanzada del correo electr\u00f3nico.<br \/>\n\u2022 Conocer las mejores pr\u00e1cticas de colaboraci\u00f3n en tiempo real usando Google Meet y Google Calendar.<br \/>\n\u2022 Desarrollar habilidades para integrar y gestionar herramientas de Google Workspace en proyectos y equipos.<\/p>\n<hr \/>\n<p><strong>Metodolog\u00eda:<\/strong><\/p>\n<p>El curso se llevar\u00e1 a cabo mediante una combinaci\u00f3n de recursos interactivos: videos explicativos, lecturas detalladas, estudios de caso pr\u00e1cticos y ejercicios de aplicaci\u00f3n. A trav\u00e9s de las simulaciones, podr\u00e1s experimentar de manera realista las herramientas de G Suite, con retroalimentaci\u00f3n en tiempo real sobre tu desempe\u00f1o. Gracias a la modalidad virtual, tendr\u00e1s la flexibilidad de avanzar a tu propio ritmo, adaptando el aprendizaje a tus horarios y necesidades.<\/p>\n<hr \/>\n<p><strong>Temario del Curso:<\/strong><\/p>\n<ol>\n<li><strong>Introducci\u00f3n a G Suite (Google Workspace)<\/strong>\n<ul>\n<li>Visi\u00f3n general de las herramientas que conforman G Suite<\/li>\n<li>Beneficios y aplicaciones de G Suite en el entorno laboral<\/li>\n<\/ul>\n<\/li>\n<li><strong>Google Drive: Gesti\u00f3n de Archivos y Carpetas<\/strong>\n<ul>\n<li>Crear y organizar archivos<\/li>\n<li>Configurar la sincronizaci\u00f3n y uso compartido<\/li>\n<\/ul>\n<\/li>\n<li><strong>Google Docs: Creaci\u00f3n y Edici\u00f3n de Documentos<\/strong>\n<ul>\n<li>Trabajar con texto, formato y herramientas avanzadas<\/li>\n<li>Colaboraci\u00f3n en tiempo real<\/li>\n<\/ul>\n<\/li>\n<li><strong>Google Sheets: Dominando Hojas de C\u00e1lculo<\/strong>\n<ul>\n<li>Funciones avanzadas, gr\u00e1ficos y tablas din\u00e1micas<\/li>\n<li>Integraci\u00f3n con otras herramientas de G Suite<\/li>\n<\/ul>\n<\/li>\n<li><strong>Google Slides: Creaci\u00f3n de Presentaciones Efectivas<\/strong>\n<ul>\n<li>Dise\u00f1o de presentaciones visualmente atractivas<\/li>\n<li>Herramientas de colaboraci\u00f3n y presentaci\u00f3n en vivo<\/li>\n<\/ul>\n<\/li>\n<li><strong>Google Meet y Google Calendar: Colaboraci\u00f3n y Gesti\u00f3n de Tiempo<\/strong>\n<ul>\n<li>Programaci\u00f3n de reuniones y videoconferencias<\/li>\n<li>Uso de Google Calendar para optimizar tu tiempo<\/li>\n<\/ul>\n<\/li>\n<\/ol>\n<hr \/>\n<p><strong>Evaluaci\u00f3n y Constancia:<\/strong><\/p>\n<p>El curso se evaluar\u00e1 mediante ejercicios pr\u00e1cticos y cuestionarios interactivos. Al finalizar todos los m\u00f3dulos y completar las actividades, recibir\u00e1s una constancia digital descargable que podr\u00e1s validar en nuestra p\u00e1gina web.<\/p>\n<hr \/>\n<p><strong>\u00bfA qui\u00e9n est\u00e1 dirigido?<\/strong><\/p>\n<p>Este curso est\u00e1 dirigido a profesionales, emprendedores, estudiantes y cualquier persona interesada en mejorar su productividad utilizando herramientas digitales. No es necesario tener experiencia previa con G Suite, ya que el curso est\u00e1 dise\u00f1ado para principiantes y usuarios intermedios.<\/p>\n<hr \/>\n<p><strong>Beneficios del Curso:<\/strong><\/p>\n<p>\u2022 Desarrolla habilidades clave para gestionar tus documentos, correos y calendarios de manera eficiente.<br \/>\n\u2022 Aprende a colaborar en tiempo real con colegas y equipos de trabajo.<br \/>\n\u2022 Optimiza tu organizaci\u00f3n y productividad utilizando herramientas de Google.<br \/>\n\u2022 Aumenta tu capacidad para crear documentos, hojas de c\u00e1lculo y presentaciones profesionales.<br \/>\n\u2022 Transforma tu forma de trabajar, aumentando tu eficiencia y mejorando tus resultados.<\/p>\n<hr \/>\n<p><strong>\u00a1No pierdas la oportunidad de dominar G Suite y llevar tu productividad al siguiente nivel! Inscr\u00edbete ahora y comienza a transformar tu forma de trabajar!<\/strong><\/p>\n","protected":false},"excerpt":{"rendered":"<p>Aprende a gestionar herramientas de G Suite como Gmail, Drive, y Docs para optimizar tu productividad personal y profesional Descubre c\u00f3mo colaborar en tiempo real y trabajar desde cualquier lugar Simplifica tus tareas con tecnolog\u00eda<\/p>\n","protected":false},"featured_media":2008,"comment_status":"open","ping_status":"closed","template":"","meta":{"ocean_post_layout":"","ocean_both_sidebars_style":"","ocean_both_sidebars_content_width":0,"ocean_both_sidebars_sidebars_width":0,"ocean_sidebar":"0","ocean_second_sidebar":"0","ocean_disable_margins":"enable","ocean_add_body_class":"","ocean_shortcode_before_top_bar":"","ocean_shortcode_after_top_bar":"","ocean_shortcode_before_header":"","ocean_shortcode_after_header":"","ocean_has_shortcode":"","ocean_shortcode_after_title":"","ocean_shortcode_before_footer_widgets":"","ocean_shortcode_after_footer_widgets":"","ocean_shortcode_before_footer_bottom":"","ocean_shortcode_after_footer_bottom":"","ocean_display_top_bar":"default","ocean_display_header":"default","ocean_header_style":"","ocean_center_header_left_menu":"0","ocean_custom_header_template":"0","ocean_custom_logo":0,"ocean_custom_retina_logo":0,"ocean_custom_logo_max_width":0,"ocean_custom_logo_tablet_max_width":0,"ocean_custom_logo_mobile_max_width":0,"ocean_custom_logo_max_height":0,"ocean_custom_logo_tablet_max_height":0,"ocean_custom_logo_mobile_max_height":0,"ocean_header_custom_menu":"0","ocean_menu_typo_font_family":"0","ocean_menu_typo_font_subset":"","ocean_menu_typo_font_size":0,"ocean_menu_typo_font_size_tablet":0,"ocean_menu_typo_font_size_mobile":0,"ocean_menu_typo_font_size_unit":"px","ocean_menu_typo_font_weight":"","ocean_menu_typo_font_weight_tablet":"","ocean_menu_typo_font_weight_mobile":"","ocean_menu_typo_transform":"","ocean_menu_typo_transform_tablet":"","ocean_menu_typo_transform_mobile":"","ocean_menu_typo_line_height":0,"ocean_menu_typo_line_height_tablet":0,"ocean_menu_typo_line_height_mobile":0,"ocean_menu_typo_line_height_unit":"","ocean_menu_typo_spacing":0,"ocean_menu_typo_spacing_tablet":0,"ocean_menu_typo_spacing_mobile":0,"ocean_menu_typo_spacing_unit":"","ocean_menu_link_color":"","ocean_menu_link_color_hover":"","ocean_menu_link_color_active":"","ocean_menu_link_background":"","ocean_menu_link_hover_background":"","ocean_menu_link_active_background":"","ocean_menu_social_links_bg":"","ocean_menu_social_hover_links_bg":"","ocean_menu_social_links_color":"","ocean_menu_social_hover_links_color":"","ocean_disable_title":"default","ocean_disable_heading":"default","ocean_post_title":"","ocean_post_subheading":"","ocean_post_title_style":"","ocean_post_title_background_color":"","ocean_post_title_background":0,"ocean_post_title_bg_image_position":"","ocean_post_title_bg_image_attachment":"","ocean_post_title_bg_image_repeat":"","ocean_post_title_bg_image_size":"","ocean_post_title_height":0,"ocean_post_title_bg_overlay":0.5,"ocean_post_title_bg_overlay_color":"","ocean_disable_breadcrumbs":"default","ocean_breadcrumbs_color":"","ocean_breadcrumbs_separator_color":"","ocean_breadcrumbs_links_color":"","ocean_breadcrumbs_links_hover_color":"","ocean_display_footer_widgets":"default","ocean_display_footer_bottom":"default","ocean_custom_footer_template":"0"},"product_brand":[],"product_cat":[29],"product_tag":[266,271,267,268,269,270,265,66,98,97],"class_list":{"0":"post-1849","1":"product","2":"type-product","3":"status-publish","4":"has-post-thumbnail","6":"product_cat-habilidades-digitales","7":"product_tag-g-suite","8":"product_tag-gestion-de-tiempo","9":"product_tag-gmail","10":"product_tag-google-docs","11":"product_tag-google-sheets","12":"product_tag-google-slides","13":"product_tag-google-workspace","14":"product_tag-herramientas-digitales","15":"product_tag-productividad","16":"product_tag-trabajo-colaborativo","18":"entry","19":"has-media","21":"first","22":"instock","23":"taxable","24":"shipping-taxable","25":"purchasable","26":"product-type-simple","27":"has-product-nav","28":"col","29":"span_1_of_3","30":"owp-content-center","31":"owp-thumbs-layout-horizontal","32":"owp-btn-normal","33":"owp-tabs-layout-horizontal"},"_links":{"self":[{"href":"https:\/\/estudiar.co\/index.php\/wp-json\/wp\/v2\/product\/1849","targetHints":{"allow":["GET"]}}],"collection":[{"href":"https:\/\/estudiar.co\/index.php\/wp-json\/wp\/v2\/product"}],"about":[{"href":"https:\/\/estudiar.co\/index.php\/wp-json\/wp\/v2\/types\/product"}],"replies":[{"embeddable":true,"href":"https:\/\/estudiar.co\/index.php\/wp-json\/wp\/v2\/comments?post=1849"}],"wp:featuredmedia":[{"embeddable":true,"href":"https:\/\/estudiar.co\/index.php\/wp-json\/wp\/v2\/media\/2008"}],"wp:attachment":[{"href":"https:\/\/estudiar.co\/index.php\/wp-json\/wp\/v2\/media?parent=1849"}],"wp:term":[{"taxonomy":"product_brand","embeddable":true,"href":"https:\/\/estudiar.co\/index.php\/wp-json\/wp\/v2\/product_brand?post=1849"},{"taxonomy":"product_cat","embeddable":true,"href":"https:\/\/estudiar.co\/index.php\/wp-json\/wp\/v2\/product_cat?post=1849"},{"taxonomy":"product_tag","embeddable":true,"href":"https:\/\/estudiar.co\/index.php\/wp-json\/wp\/v2\/product_tag?post=1849"}],"curies":[{"name":"wp","href":"https:\/\/api.w.org\/{rel}","templated":true}]}}